{"id":90,"date":"2024-07-22T11:55:49","date_gmt":"2024-07-22T09:55:49","guid":{"rendered":"http:\/\/parafiajaszkotle.pl\/?page_id=90"},"modified":"2025-09-29T11:15:37","modified_gmt":"2025-09-29T09:15:37","slug":"kontakt","status":"publish","type":"page","link":"https:\/\/parafiajaszkotle.pl\/?page_id=90","title":{"rendered":"Kontakt"},"content":{"rendered":"\n<figure class=\"wp-block-image size-full is-resized\"><img loading=\"lazy\" decoding=\"async\" width=\"640\" height=\"427\" src=\"http:\/\/llfzztv.cluster029.hosting.ovh.net\/wp-content\/uploads\/2024\/07\/jaszkotle_4.jpg\" alt=\"\" class=\"wp-image-14\" style=\"width:341px;height:auto\" srcset=\"https:\/\/parafiajaszkotle.pl\/wp-content\/uploads\/2024\/07\/jaszkotle_4.jpg 640w, https:\/\/parafiajaszkotle.pl\/wp-content\/uploads\/2024\/07\/jaszkotle_4-300x200.jpg 300w\" sizes=\"auto, (max-width: 640px) 100vw, 640px\" \/><\/figure>\n\n\n\n<p><span style=\"text-decoration: underline;\">Proboszcz<\/span>: ks. dr Patryk Go\u0142ubc\u00f3w<\/p>\n\n\n\n<p><span style=\"text-decoration: underline;\">Adres<\/span>: Jaszkotle 26, 55-080 K\u0105ty Wroc\u0142awskie<br><br><span style=\"text-decoration: underline;\">Telefon<\/span>: 71 390 69 14<\/p>\n\n\n\n<p><span style=\"text-decoration: underline;\">E-mail<\/span>: <a href=\"mailto:jaszkotle@archidiecezja.wroc.pl\" target=\"_blank\" rel=\"noreferrer noopener\">jaszkotle@archidiecezja.wroc.pl<\/a><\/p>\n\n\n\n<p><span style=\"text-decoration: underline;\">Kancelaria parafialna<\/span> czynna w pi\u0105tki bezpo\u015brednio po Mszy \u015aw. o godzinie 18:00 lub we<br>wcze\u015bniej um\u00f3wionym terminie (np. przy okazji niedzielnych Mszy \u015bw.).<\/p>\n\n\n\n<p><span style=\"text-decoration: underline;\">Konta parafialne<\/span>:<br>Numer konta parafii: 87 9574 0005 2001 0039 0983 0001<br>Nr subkonta \u2013 cmentarz: 76 9574 0005 2001 0039 0983 0102<\/p>\n\n\n\n<p class=\"has-small-font-size\">Administratorem danych osobowych jest Rzymskokatolicka Parafia pw Wniebowst\u0105pienia Pana Jezusa w Jaszkotlu<\/p>\n","protected":false},"excerpt":{"rendered":"<p>Proboszcz: ks. dr Patryk Go\u0142ubc\u00f3w Adres: Jaszkotle 26, 55-080 K\u0105ty Wroc\u0142awskie Telefon: 71 390 69 14 E-mail: jaszkotle@archidiecezja.wroc.pl Kancelaria parafialna czynna w pi\u0105tki bezpo\u015brednio po Mszy \u015aw. o godzinie 18:00 lub wewcze\u015bniej um\u00f3wionym terminie (np. przy okazji niedzielnych Mszy \u015bw.). Konta parafialne:Numer konta parafii: 87 9574 0005 2001 0039 0983 0001Nr subkonta \u2013 cmentarz: 76&#8230;<\/p>\n","protected":false},"author":1,"featured_media":0,"parent":0,"menu_order":0,"comment_status":"closed","ping_status":"closed","template":"","meta":{"footnotes":""},"class_list":["post-90","page","type-page","status-publish","hentry"],"_links":{"self":[{"href":"https:\/\/parafiajaszkotle.pl\/index.php?rest_route=\/wp\/v2\/pages\/90","targetHints":{"allow":["GET"]}}],"collection":[{"href":"https:\/\/parafiajaszkotle.pl\/index.php?rest_route=\/wp\/v2\/pages"}],"about":[{"href":"https:\/\/parafiajaszkotle.pl\/index.php?rest_route=\/wp\/v2\/types\/page"}],"author":[{"embeddable":true,"href":"https:\/\/parafiajaszkotle.pl\/index.php?rest_route=\/wp\/v2\/users\/1"}],"replies":[{"embeddable":true,"href":"https:\/\/parafiajaszkotle.pl\/index.php?rest_route=%2Fwp%2Fv2%2Fcomments&post=90"}],"version-history":[{"count":13,"href":"https:\/\/parafiajaszkotle.pl\/index.php?rest_route=\/wp\/v2\/pages\/90\/revisions"}],"predecessor-version":[{"id":817,"href":"https:\/\/parafiajaszkotle.pl\/index.php?rest_route=\/wp\/v2\/pages\/90\/revisions\/817"}],"wp:attachment":[{"href":"https:\/\/parafiajaszkotle.pl\/index.php?rest_route=%2Fwp%2Fv2%2Fmedia&parent=90"}],"curies":[{"name":"wp","href":"https:\/\/api.w.org\/{rel}","templated":true}]}}